{"id":15,"date":"2016-01-30T13:15:33","date_gmt":"2016-01-30T12:15:33","guid":{"rendered":"http:\/\/itae.dev.ardeek.com\/?page_id=15"},"modified":"2024-05-31T11:53:31","modified_gmt":"2024-05-31T09:53:31","slug":"istituto","status":"publish","type":"page","link":"https:\/\/www.itae.cnr.it\/it\/istituto\/","title":{"rendered":"Istituto"},"content":{"rendered":"\t\t<div data-elementor-type=\"wp-page\" data-elementor-id=\"15\" class=\"elementor elementor-15\" data-elementor-post-type=\"page\">\n\t\t\t\t<div class=\"elementor-element elementor-element-dee12fc e-flex e-con-boxed e-con e-parent\" data-id=\"dee12fc\" data-element_type=\"container\" data-settings=\"{&quot;jet_parallax_layout_list&quot;:[]}\">\n\t\t\t\t\t<div class=\"e-con-inner\">\n\t\t\t\t<div class=\"elementor-element elementor-element-4e20cae elementor-blockquote--skin-boxed elementor-blockquote--align-center elementor-blockquote--button-color-official elementor-widget elementor-widget-blockquote\" data-id=\"4e20cae\" data-element_type=\"widget\" data-widget_type=\"blockquote.default\">\n\t\t\t\t<div class=\"elementor-widget-container\">\n\t\t\t\t\t<blockquote class=\"elementor-blockquote\">\n\t\t\t<p class=\"elementor-blockquote__content\">\n\t\t\t\tLa prima sede dell\u2019Istituto CNR-ITAE \u00e8 stata un\u2019antica fabbrica di oli essenziali ovvero la \"Villa De Pasquale\"<br \/>in localit\u00e0 Pistunina a Messina, costruita nel 1912, e adattata a laboratori di ricerca nel 1980.\t\t\t<\/p>\n\t\t\t\t\t<\/blockquote>\n\t\t\t\t<\/div>\n\t\t\t\t<\/div>\n\t\t<div class=\"elementor-element elementor-element-cd8e4a2 e-flex e-con-boxed e-con e-child\" data-id=\"cd8e4a2\" data-element_type=\"container\" data-settings=\"{&quot;background_background&quot;:&quot;classic&quot;,&quot;jet_parallax_layout_list&quot;:[]}\">\n\t\t\t\t\t<div class=\"e-con-inner\">\n\t\t\t\t\t<\/div>\n\t\t\t\t<\/div>\n\t\t\t\t\t<\/div>\n\t\t\t\t<\/div>\n\t\t<div class=\"elementor-element elementor-element-48f6578 e-flex e-con-boxed e-con e-parent\" data-id=\"48f6578\" data-element_type=\"container\" data-settings=\"{&quot;jet_parallax_layout_list&quot;:[]}\">\n\t\t\t\t\t<div class=\"e-con-inner\">\n\t\t\t\t<div class=\"elementor-element elementor-element-b1d98ac elementor-widget elementor-widget-text-editor\" data-id=\"b1d98ac\" data-element_type=\"widget\" data-widget_type=\"text-editor.default\">\n\t\t\t\t<div class=\"elementor-widget-container\">\n\t\t\t\t\t\t\t<p style=\"text-align: left;\"><span style=\"color: black; font-size: 10.5pt; letter-spacing: 0px;\">L\u2019Istituto di Tecnologie Avanzate per l\u2019Energia \u201cNicola Giordano\u201d (ITAE) \u00e8 stato fondato dal Consiglio Nazionale delle Ricerche nel 1980 grazie alla forte volont\u00e0 del Prof. Nicola Giordano.\u00a0<\/span><span style=\"color: black; font-size: 10.5pt; text-align: justify; letter-spacing: 0px;\">La denominazione iniziale era quella di Istituto di Ricerche sui Metodi e Processi Chimici per la Trasformazione e l\u2019Accumulo dell\u2019Energia. Nel 2001, nell\u2019ambito di una ristrutturazione della rete scientifica dell\u2019Ente, ha assunto l\u2019attuale denominazione. L\u2019istituto \u00e8 stato intitolato al Prof. Nicola Giordano, scienziato messinese e professore ordinario di Chimica Industriale presso l\u2019Universit\u00e0 di Messina, che lo ha diretto per sedici anni. Il Prof. Giordano ha identificato la strategia e le linee di ricerca sull\u2019energia che ancora oggi trovano grande sviluppo e applicazione.<\/span><\/p>\t\t\t\t\t\t<\/div>\n\t\t\t\t<\/div>\n\t\t\t\t<div class=\"elementor-element elementor-element-1504e66 elementor-widget elementor-widget-text-editor\" data-id=\"1504e66\" data-element_type=\"widget\" data-widget_type=\"text-editor.default\">\n\t\t\t\t<div class=\"elementor-widget-container\">\n\t\t\t\t\t\t\t<p style=\"text-align: left;\"><span style=\"color: #000000; text-align: justify;\">La forte crescita dell\u2019istituto nel proprio settore di competenza ed il notevole interesse strategico suscitato dalle tecnologie energetiche, hanno creato le basi di un finanziamento da parte dell\u2019Agenzia per la Promozione dello Sviluppo del Mezzogiorno che ha consentito la realizzazione di una nuova e pi\u00f9 ampia sede, adeguata alle esigenze di un istituto di ricerca. Il nuovo edificio \u00e8 situato di fronte alla vecchia fabbrica di oli essenziali ed \u00e8 totalmente operativo dal 1993. Il complesso si sviluppa su tre livelli con una superficie totale di 4800 metri quadrati, e comprende laboratori, uffici, una sala conferenze, la biblioteca e la mensa. Il <strong>Prof. Nicola Giordano<\/strong>\u00a0ha diretto l\u2019istituto\u00a0<strong>dal 1980<\/strong> sino al momento della sua scomparsa, avvenuta nel maggio del 1996.<br \/><\/span><\/p>\t\t\t\t\t\t<\/div>\n\t\t\t\t<\/div>\n\t\t\t\t<div class=\"elementor-element elementor-element-bb875e0 elementor-widget elementor-widget-text-editor\" data-id=\"bb875e0\" data-element_type=\"widget\" data-widget_type=\"text-editor.default\">\n\t\t\t\t<div class=\"elementor-widget-container\">\n\t\t\t\t\t\t\t<p style=\"margin: 0cm 0cm 12pt; background-image: initial; background-position: initial; background-size: initial; background-repeat: initial; background-attachment: initial; background-origin: initial; background-clip: initial; text-align: justify;\"><span style=\"color: #000000;\">Successivamente si sono succeduti i seguenti direttori:<\/span><\/p><ul><li style=\"background-image: initial; background-position: initial; background-size: initial; background-repeat: initial; background-attachment: initial; background-origin: initial; background-clip: initial; text-align: justify;\"><span style=\"color: #000000;\">Ing. Gaetano Cacciola (1996 \u2013 2013);<\/span><\/li><li style=\"background-image: initial; background-position: initial; background-size: initial; background-repeat: initial; background-attachment: initial; background-origin: initial; background-clip: initial; text-align: justify;\"><span style=\"color: #000000;\">Ing. Giovanni Restuccia (2013 \u2013 2014);<\/span><\/li><li style=\"background-image: initial; background-position: initial; background-size: initial; background-repeat: initial; background-attachment: initial; background-origin: initial; background-clip: initial; text-align: justify;\"><span style=\"color: #000000;\">Ing. Salvatore Freni (2014 \u2013 2019);<\/span><\/li><li style=\"background-image: initial; background-position: initial; background-size: initial; background-repeat: initial; background-attachment: initial; background-origin: initial; background-clip: initial; text-align: justify;\"><span style=\"color: #000000;\">Dott. Vincenzo Antonucci (2019);<\/span><\/li><li style=\"background-image: initial; background-position: initial; background-size: initial; background-repeat: initial; background-attachment: initial; background-origin: initial; background-clip: initial; text-align: justify;\"><span style=\"color: #000000;\">Dott. Antonino Salvatore Aric\u00f2 (2020 ad oggi).<\/span><span style=\"font-size: 10.5pt; color: black;\"><br \/><\/span><\/li><\/ul>\t\t\t\t\t\t<\/div>\n\t\t\t\t<\/div>\n\t\t\t\t\t<\/div>\n\t\t\t\t<\/div>\n\t\t\t\t<\/div>\n\t\t","protected":false},"excerpt":{"rendered":"<p>La prima sede dell\u2019Istituto CNR-ITAE \u00e8 stata un\u2019antica fabbrica di oli essenziali ovvero la &#8220;Villa De Pasquale&#8221; in localit\u00e0 Pistunina a Messina, costruita nel 1912, e adattata a laboratori di ricerca nel 1980. L\u2019Istituto di Tecnologie Avanzate per l\u2019Energia \u201cNicola Giordano\u201d (ITAE) \u00e8 stato fondato dal Consiglio Nazionale delle Ricerche nel 1980 grazie alla forte [&hellip;]<\/p>\n","protected":false},"author":1,"featured_media":0,"parent":0,"menu_order":0,"comment_status":"closed","ping_status":"closed","template":"","meta":{"_acf_changed":false,"_exactmetrics_skip_tracking":false,"_exactmetrics_sitenote_active":false,"_exactmetrics_sitenote_note":"","_exactmetrics_sitenote_category":0,"footnotes":""},"class_list":["post-15","page","type-page","status-publish","hentry"],"acf":[],"_links":{"self":[{"href":"https:\/\/www.itae.cnr.it\/it\/wp-json\/wp\/v2\/pages\/15"}],"collection":[{"href":"https:\/\/www.itae.cnr.it\/it\/wp-json\/wp\/v2\/pages"}],"about":[{"href":"https:\/\/www.itae.cnr.it\/it\/wp-json\/wp\/v2\/types\/page"}],"author":[{"embeddable":true,"href":"https:\/\/www.itae.cnr.it\/it\/wp-json\/wp\/v2\/users\/1"}],"replies":[{"embeddable":true,"href":"https:\/\/www.itae.cnr.it\/it\/wp-json\/wp\/v2\/comments?post=15"}],"version-history":[{"count":54,"href":"https:\/\/www.itae.cnr.it\/it\/wp-json\/wp\/v2\/pages\/15\/revisions"}],"predecessor-version":[{"id":7230,"href":"https:\/\/www.itae.cnr.it\/it\/wp-json\/wp\/v2\/pages\/15\/revisions\/7230"}],"wp:attachment":[{"href":"https:\/\/www.itae.cnr.it\/it\/wp-json\/wp\/v2\/media?parent=15"}],"curies":[{"name":"wp","href":"https:\/\/api.w.org\/{rel}","templated":true}]}}